{"id":15,"date":"2018-04-13T10:48:13","date_gmt":"2018-04-13T10:48:13","guid":{"rendered":"http:\/\/www.cathrineb.com\/?page_id=15"},"modified":"2025-02-20T11:21:42","modified_gmt":"2025-02-20T11:21:42","slug":"bio","status":"publish","type":"page","link":"https:\/\/www.cathrineb.com\/ca\/bio\/","title":{"rendered":"Bio"},"content":{"rendered":"<p><span style=\"color: #000000;\"><img loading=\"lazy\" decoding=\"async\" class=\"wp-image-382 alignleft\" src=\"https:\/\/www.cathrineb.com\/wp-content\/uploads\/2025\/02\/20240319_175416-foto-c-web-225x300.jpg\" alt=\"\" width=\"401\" height=\"535\" srcset=\"https:\/\/www.cathrineb.com\/wp-content\/uploads\/2025\/02\/20240319_175416-foto-c-web-225x300.jpg 225w, https:\/\/www.cathrineb.com\/wp-content\/uploads\/2025\/02\/20240319_175416-foto-c-web-768x1024.jpg 768w, https:\/\/www.cathrineb.com\/wp-content\/uploads\/2025\/02\/20240319_175416-foto-c-web-1152x1536.jpg 1152w, https:\/\/www.cathrineb.com\/wp-content\/uploads\/2025\/02\/20240319_175416-foto-c-web-1536x2048.jpg 1536w, https:\/\/www.cathrineb.com\/wp-content\/uploads\/2025\/02\/20240319_175416-foto-c-web-9x12.jpg 9w, https:\/\/www.cathrineb.com\/wp-content\/uploads\/2025\/02\/20240319_175416-foto-c-web-scaled.jpg 1920w\" sizes=\"auto, (max-width: 401px) 100vw, 401px\" \/><\/span><\/p>\n<p class=\"Standard\" style=\"margin-bottom: 12.0pt; text-align: justify; text-justify: inter-ideograph;\"><span lang=\"CA\" style=\"font-family: 'Calibri, Helvetica, sans-serif'; color: #ffffff;\">Nascuda l'any 1969 a Noruega, viu i treballa a Catalunya, Pened\u00e8s-Barcelona des de 1991.<\/span><\/p>\n<p class=\"Standard\" style=\"margin-bottom: 12.0pt; text-align: justify; text-justify: inter-ideograph;\"><span lang=\"CA\" style=\"font-family: 'Calibri, Helvetica, sans-serif'; color: #ffffff;\">En la seva convicci\u00f3 de la import\u00e0ncia del coneixement i la bona artesania, est\u00e0 profundament inspirada i estudia cont\u00ednuament els antics Mestres. La seva pintura \u00e9s de car\u00e0cter narratiu. \u00c9s en part autodidacta a m\u00e9s d'haver estudiat amb el reconegut mestre internacional Odd Nerdrum.<\/span><\/p>\n<p class=\"Standard\" style=\"margin-bottom: 12.0pt; text-align: justify; text-justify: inter-ideograph;\"><span lang=\"CA\" style=\"font-family: 'Calibri, Helvetica, sans-serif'; color: #ffffff;\">Ha exposat a Noruega, Su\u00e8cia, M\u00e8xic i Barcelona, tant en exposicions individuals com col\u00b7lectives. S'han fet diversos articles i entrevistes sobre ella tant a nivell nacional com internacional. L'any 2023 va fer dos grans murals a l'oli per a l'esgl\u00e9sia de Sant Pere de Pals, declarada patrimoni per la UNESCO. L'any 2020, va dur a terme un mural de 66m<sup>2<\/sup> a l'absis de l'esgl\u00e9sia de Santa Ana d'Estartit, un projecte iniciat pel difunt pintor Ramon Pujolboira. Per a la mateixa esgl\u00e9sia, ha fet 5 vitralls.<\/span><\/p>\n<p class=\"Standard\" style=\"margin-bottom: 12.0pt; text-align: justify; text-justify: inter-ideograph;\"><span lang=\"CA\" style=\"font-family: 'Calibri, Helvetica, sans-serif'; color: #ffffff;\">Ha estat la presidenta i portaveu d\u2019assumptes culturals del club escandinau de Barcelona. Tamb\u00e9 ha col\u00b7laborat en activitats culturals amb la municipalitat de Subirats, on viu i treballa. El 2025 va dissenyar dos vitralls per l\u2019esgl\u00e8sia de Sant Sadurn\u00ed d\u2019Anoia i el 2023 va restaurar un mural noucentista en el mateix municipi. El 2021, una de les seves pintures va ser seleccionada per Caves Llopart per representar el producte estrella, \u00abEx-Vite\u00bb 2011, cava corpinnat.<\/span><\/p>\n<p class=\"Standard\" style=\"margin-bottom: 12.0pt; text-align: justify; text-justify: inter-ideograph;\"><span lang=\"CA\" style=\"font-family: 'Calibri, Helvetica, sans-serif'; color: #ffffff;\">Ha dirigit una resid\u00e8ncia per a artistes internacionals en El Bruc-Barcelona. Ha dirigit una galeria d'art i va fer de comiss\u00e0ria d'Odd Nerdrum i de diversos altres artistes destacats al MEAM de Barcelona. Tamb\u00e9 t\u00e9 el t\u00edtol de professora d'art del seu pa\u00eds d'origen.<\/span><\/p>\n<p class=\"Standard\" style=\"margin-bottom: 12.0pt; text-align: justify; text-justify: inter-ideograph;\"><span lang=\"CA\" style=\"font-family: 'Calibri, Helvetica, sans-serif'; color: #ffffff;\">T\u00e9 una galeria privada a la seva casa taller, a 30 minuts de Barcelona; obre nom\u00e9s per cita.<\/span><\/p>\n<p class=\"Standard\" style=\"margin-bottom: 12.0pt; text-align: justify; text-justify: inter-ideograph;\"><span lang=\"CA\" style=\"font-family: 'Calibri, Helvetica, sans-serif'; color: #ffffff;\">E-mail: cbergsrud@hotmail.com<\/span><\/p>\n<p class=\"Standard\" style=\"margin-bottom: 12.0pt; text-align: justify; text-justify: inter-ideograph;\"><span lang=\"CA\" style=\"font-family: 'Calibri, Helvetica, sans-serif'; color: #ffffff;\">Tel\u00e8fon: +34 669216970<\/span><\/p>\n<p class=\"Standard\" style=\"margin-bottom: 12.0pt; text-align: justify; text-justify: inter-ideograph;\"><span lang=\"CA\" style=\"font-family: 'Calibri, Helvetica, sans-serif'; color: #ffffff;\">Direcci\u00f3:<\/span><\/p>\n<p class=\"Standard\" style=\"margin-bottom: 12.0pt; text-align: justify; text-justify: inter-ideograph;\"><span lang=\"CA\" style=\"font-family: 'Calibri, Helvetica, sans-serif'; color: #ffffff;\">Carrer Perpendicular 2, Torre Ramona<\/span><\/p>\n<p class=\"Standard\" style=\"margin-bottom: 12.0pt; text-align: justify; text-justify: inter-ideograph;\"><span lang=\"CA\" style=\"font-family: 'Calibri, Helvetica, sans-serif'; color: #ffffff;\">08739, Subirats (Barcelona)<\/span><\/p>","protected":false},"excerpt":{"rendered":"<p>Born in 1969 in Norway, she lives and works in Catalonia, Pened\u00e8s-Barcelona since 1991. Convinced of the importance of knowledge and good craftsmanship, she is deeply inspired and continuously studies the old Masters. Her paintings are of narrative character. She is partly self-taught in addition to having studied with the renowned international Master Odd Nerdrum. [&hellip;]<\/p>\n <a href=\"https:\/\/www.cathrineb.com\/ca\/bio\/\" class=\"more-link\" title=\"Read More\">Read More<\/a>","protected":false},"author":2,"featured_media":0,"parent":0,"menu_order":0,"comment_status":"closed","ping_status":"closed","template":"","meta":{"footnotes":""},"class_list":["post-15","page","type-page","status-publish","hentry"],"yoast_head":"<!-- This site is optimized with the Yoast SEO plugin v25.2 - https:\/\/yoast.com\/wordpress\/plugins\/seo\/ -->\n<title>Bio &#8211; Cathrine Bergsrud<\/title>\n<meta name=\"robots\" content=\"index, follow, max-snippet:-1, max-image-preview:large, max-video-preview:-1\" \/>\n<link rel=\"canonical\" href=\"https:\/\/www.cathrineb.com\/ca\/bio\/\" \/>\n<meta property=\"og:locale\" content=\"ca_ES\" \/>\n<meta property=\"og:type\" content=\"article\" \/>\n<meta property=\"og:title\" content=\"Bio &#8211; Cathrine Bergsrud\" \/>\n<meta property=\"og:description\" content=\"Born in 1969 in Norway, she lives and works in Catalonia, Pened\u00e8s-Barcelona since 1991. Convinced of the importance of knowledge and good craftsmanship, she is deeply inspired and continuously studies the old Masters. Her paintings are of narrative character. She is partly self-taught in addition to having studied with the renowned international Master Odd Nerdrum. [&hellip;]\" \/>\n<meta property=\"og:url\" content=\"https:\/\/www.cathrineb.com\/ca\/bio\/\" \/>\n<meta property=\"og:site_name\" content=\"Cathrine Bergsrud\" \/>\n<meta property=\"article:publisher\" content=\"https:\/\/www.facebook.com\/cathrine.bergsrud\" \/>\n<meta property=\"article:modified_time\" content=\"2025-02-20T11:21:42+00:00\" \/>\n<meta property=\"og:image\" content=\"https:\/\/www.cathrineb.com\/wp-content\/uploads\/2025\/02\/20240319_175416-foto-c-web-scaled.jpg\" \/>\n\t<meta property=\"og:image:width\" content=\"1920\" \/>\n\t<meta property=\"og:image:height\" content=\"2560\" \/>\n\t<meta property=\"og:image:type\" content=\"image\/jpeg\" \/>\n<meta name=\"twitter:card\" content=\"summary_large_image\" \/>\n<meta name=\"twitter:label1\" content=\"Temps estimat de lectura\" \/>\n\t<meta name=\"twitter:data1\" content=\"2 minuts\" \/>\n<script type=\"application\/ld+json\" class=\"yoast-schema-graph\">{\"@context\":\"https:\/\/schema.org\",\"@graph\":[{\"@type\":\"WebPage\",\"@id\":\"https:\/\/www.cathrineb.com\/bio\/\",\"url\":\"https:\/\/www.cathrineb.com\/bio\/\",\"name\":\"Bio &#8211; Cathrine Bergsrud\",\"isPartOf\":{\"@id\":\"https:\/\/www.cathrineb.com\/#website\"},\"primaryImageOfPage\":{\"@id\":\"https:\/\/www.cathrineb.com\/bio\/#primaryimage\"},\"image\":{\"@id\":\"https:\/\/www.cathrineb.com\/bio\/#primaryimage\"},\"thumbnailUrl\":\"https:\/\/www.cathrineb.com\/wp-content\/uploads\/2025\/02\/20240319_175416-foto-c-web-225x300.jpg\",\"datePublished\":\"2018-04-13T10:48:13+00:00\",\"dateModified\":\"2025-02-20T11:21:42+00:00\",\"breadcrumb\":{\"@id\":\"https:\/\/www.cathrineb.com\/bio\/#breadcrumb\"},\"inLanguage\":\"ca\",\"potentialAction\":[{\"@type\":\"ReadAction\",\"target\":[\"https:\/\/www.cathrineb.com\/bio\/\"]}]},{\"@type\":\"ImageObject\",\"inLanguage\":\"ca\",\"@id\":\"https:\/\/www.cathrineb.com\/bio\/#primaryimage\",\"url\":\"https:\/\/www.cathrineb.com\/wp-content\/uploads\/2025\/02\/20240319_175416-foto-c-web-225x300.jpg\",\"contentUrl\":\"https:\/\/www.cathrineb.com\/wp-content\/uploads\/2025\/02\/20240319_175416-foto-c-web-225x300.jpg\"},{\"@type\":\"BreadcrumbList\",\"@id\":\"https:\/\/www.cathrineb.com\/bio\/#breadcrumb\",\"itemListElement\":[{\"@type\":\"ListItem\",\"position\":1,\"name\":\"Home\",\"item\":\"https:\/\/www.cathrineb.com\/ca\/\"},{\"@type\":\"ListItem\",\"position\":2,\"name\":\"Bio\"}]},{\"@type\":\"WebSite\",\"@id\":\"https:\/\/www.cathrineb.com\/#website\",\"url\":\"https:\/\/www.cathrineb.com\/\",\"name\":\"Cathrine Bergsrud\",\"description\":\"Paintings and Drawings\",\"potentialAction\":[{\"@type\":\"SearchAction\",\"target\":{\"@type\":\"EntryPoint\",\"urlTemplate\":\"https:\/\/www.cathrineb.com\/?s={search_term_string}\"},\"query-input\":{\"@type\":\"PropertyValueSpecification\",\"valueRequired\":true,\"valueName\":\"search_term_string\"}}],\"inLanguage\":\"ca\"}]}<\/script>\n<!-- \/ Yoast SEO plugin. -->","yoast_head_json":{"title":"Bio &#8211; Cathrine Bergsrud","robots":{"index":"index","follow":"follow","max-snippet":"max-snippet:-1","max-image-preview":"max-image-preview:large","max-video-preview":"max-video-preview:-1"},"canonical":"https:\/\/www.cathrineb.com\/ca\/bio\/","og_locale":"ca_ES","og_type":"article","og_title":"Bio &#8211; Cathrine Bergsrud","og_description":"Born in 1969 in Norway, she lives and works in Catalonia, Pened\u00e8s-Barcelona since 1991. Convinced of the importance of knowledge and good craftsmanship, she is deeply inspired and continuously studies the old Masters. Her paintings are of narrative character. She is partly self-taught in addition to having studied with the renowned international Master Odd Nerdrum. [&hellip;]","og_url":"https:\/\/www.cathrineb.com\/ca\/bio\/","og_site_name":"Cathrine Bergsrud","article_publisher":"https:\/\/www.facebook.com\/cathrine.bergsrud","article_modified_time":"2025-02-20T11:21:42+00:00","og_image":[{"width":1920,"height":2560,"url":"https:\/\/www.cathrineb.com\/wp-content\/uploads\/2025\/02\/20240319_175416-foto-c-web-scaled.jpg","type":"image\/jpeg"}],"twitter_card":"summary_large_image","twitter_misc":{"Temps estimat de lectura":"2 minuts"},"schema":{"@context":"https:\/\/schema.org","@graph":[{"@type":"WebPage","@id":"https:\/\/www.cathrineb.com\/bio\/","url":"https:\/\/www.cathrineb.com\/bio\/","name":"Bio &#8211; Cathrine Bergsrud","isPartOf":{"@id":"https:\/\/www.cathrineb.com\/#website"},"primaryImageOfPage":{"@id":"https:\/\/www.cathrineb.com\/bio\/#primaryimage"},"image":{"@id":"https:\/\/www.cathrineb.com\/bio\/#primaryimage"},"thumbnailUrl":"https:\/\/www.cathrineb.com\/wp-content\/uploads\/2025\/02\/20240319_175416-foto-c-web-225x300.jpg","datePublished":"2018-04-13T10:48:13+00:00","dateModified":"2025-02-20T11:21:42+00:00","breadcrumb":{"@id":"https:\/\/www.cathrineb.com\/bio\/#breadcrumb"},"inLanguage":"ca","potentialAction":[{"@type":"ReadAction","target":["https:\/\/www.cathrineb.com\/bio\/"]}]},{"@type":"ImageObject","inLanguage":"ca","@id":"https:\/\/www.cathrineb.com\/bio\/#primaryimage","url":"https:\/\/www.cathrineb.com\/wp-content\/uploads\/2025\/02\/20240319_175416-foto-c-web-225x300.jpg","contentUrl":"https:\/\/www.cathrineb.com\/wp-content\/uploads\/2025\/02\/20240319_175416-foto-c-web-225x300.jpg"},{"@type":"BreadcrumbList","@id":"https:\/\/www.cathrineb.com\/bio\/#breadcrumb","itemListElement":[{"@type":"ListItem","position":1,"name":"Home","item":"https:\/\/www.cathrineb.com\/ca\/"},{"@type":"ListItem","position":2,"name":"Bio"}]},{"@type":"WebSite","@id":"https:\/\/www.cathrineb.com\/#website","url":"https:\/\/www.cathrineb.com\/","name":"Cathrine Bergsrud","description":"Paintings and Drawings","potentialAction":[{"@type":"SearchAction","target":{"@type":"EntryPoint","urlTemplate":"https:\/\/www.cathrineb.com\/?s={search_term_string}"},"query-input":{"@type":"PropertyValueSpecification","valueRequired":true,"valueName":"search_term_string"}}],"inLanguage":"ca"}]}},"_links":{"self":[{"href":"https:\/\/www.cathrineb.com\/ca\/wp-json\/wp\/v2\/pages\/15","targetHints":{"allow":["GET"]}}],"collection":[{"href":"https:\/\/www.cathrineb.com\/ca\/wp-json\/wp\/v2\/pages"}],"about":[{"href":"https:\/\/www.cathrineb.com\/ca\/wp-json\/wp\/v2\/types\/page"}],"author":[{"embeddable":true,"href":"https:\/\/www.cathrineb.com\/ca\/wp-json\/wp\/v2\/users\/2"}],"replies":[{"embeddable":true,"href":"https:\/\/www.cathrineb.com\/ca\/wp-json\/wp\/v2\/comments?post=15"}],"version-history":[{"count":24,"href":"https:\/\/www.cathrineb.com\/ca\/wp-json\/wp\/v2\/pages\/15\/revisions"}],"predecessor-version":[{"id":403,"href":"https:\/\/www.cathrineb.com\/ca\/wp-json\/wp\/v2\/pages\/15\/revisions\/403"}],"wp:attachment":[{"href":"https:\/\/www.cathrineb.com\/ca\/wp-json\/wp\/v2\/media?parent=15"}],"curies":[{"name":"wp","href":"https:\/\/api.w.org\/{rel}","templated":true}]}}